{"id":31,"date":"2025-07-21T05:07:32","date_gmt":"2025-07-21T05:07:32","guid":{"rendered":"http:\/\/localhost:10064\/?page_id=31"},"modified":"2025-11-20T08:30:13","modified_gmt":"2025-11-20T08:30:13","slug":"about-us","status":"publish","type":"page","link":"https:\/\/velotac.it\/it\/about-us\/","title":{"rendered":"Chi siamo"},"content":{"rendered":"<div data-elementor-type=\"wp-page\" data-elementor-id=\"31\" class=\"elementor elementor-31\" data-elementor-post-type=\"page\">\n\t\t\t\t<div class=\"elementor-element elementor-element-3d3ee53 elementor-hidden-mobile e-flex e-con-boxed e-con e-parent\" data-id=\"3d3ee53\" data-element_type=\"container\" data-e-type=\"container\" data-settings=\"{&quot;background_background&quot;:&quot;classic&quot;}\">\n\t\t\t\t\t<div class=\"e-con-inner\">\n\t\t\t\t<div class=\"elementor-element elementor-element-6fcdb5f elementor-widget elementor-widget-rtbreadrumb\" data-id=\"6fcdb5f\" data-element_type=\"widget\" data-e-type=\"widget\" data-widget_type=\"rtbreadrumb.default\">\n\t\t\t\t<div class=\"elementor-widget-container\">\n\t\t\t\t\t    <div class=\"reactheme-breadcrumb\">\n        <div class=\"breadcrumb-inner\">\n            <div class=\"reactheme_page_title wow fadeInUp\" data-wow-delay=\"ms\" data-wow-duration=\"ms\">\n                <h1 class=\"page-title\"><\/h1>\n            <\/div>\n\n            <div class=\"breadcrumb-path wow fadeInUp\" data-wow-delay=\"ms\" data-wow-duration=\"ms\">\n                <a href=\"https:\/\/velotac.it\/it\/\">Home<\/a>            <\/div>\n        <\/div>\n    <\/div>\n\t\t\t\t<\/div>\n\t\t\t\t<\/div>\n\t\t\t\t\t<\/div>\n\t\t\t\t<\/div>\n\t\t<div class=\"elementor-element elementor-element-4127975 elementor-hidden-desktop elementor-hidden-laptop elementor-hidden-tablet e-flex e-con-boxed e-con e-parent\" data-id=\"4127975\" data-element_type=\"container\" data-e-type=\"container\" data-settings=\"{&quot;background_background&quot;:&quot;classic&quot;}\">\n\t\t\t\t\t<div class=\"e-con-inner\">\n\t\t\t\t<div class=\"elementor-element elementor-element-bc9b391 elementor-hidden-desktop elementor-hidden-laptop elementor-hidden-tablet elementor-widget elementor-widget-rtbreadrumb\" data-id=\"bc9b391\" data-element_type=\"widget\" data-e-type=\"widget\" data-widget_type=\"rtbreadrumb.default\">\n\t\t\t\t<div class=\"elementor-widget-container\">\n\t\t\t\t\t    <div class=\"reactheme-breadcrumb\">\n        <div class=\"breadcrumb-inner\">\n            <div class=\"reactheme_page_title wow fadeInUp\" data-wow-delay=\"ms\" data-wow-duration=\"ms\">\n                <h1 class=\"page-title\"><\/h1>\n            <\/div>\n\n            <div class=\"breadcrumb-path wow fadeInUp\" data-wow-delay=\"ms\" data-wow-duration=\"ms\">\n                <a href=\"https:\/\/velotac.it\/it\/\">Home<\/a>            <\/div>\n        <\/div>\n    <\/div>\n\t\t\t\t<\/div>\n\t\t\t\t<\/div>\n\t\t\t\t\t<\/div>\n\t\t\t\t<\/div>\n\t\t<div class=\"elementor-element elementor-element-37cb96c e-flex e-con-boxed e-con e-parent\" data-id=\"37cb96c\" data-element_type=\"container\" data-e-type=\"container\" data-settings=\"{&quot;background_background&quot;:&quot;classic&quot;}\">\n\t\t\t\t\t<div class=\"e-con-inner\">\n\t\t\t\t<div class=\"elementor-element elementor-element-550061b rtimg-cover elementor-widget__width-initial elementor-hidden-tablet elementor-hidden-mobile elementor-widget elementor-widget-image\" data-id=\"550061b\" data-element_type=\"widget\" data-e-type=\"widget\" data-widget_type=\"image.default\">\n\t\t\t\t\t\t\t\t\t\t\t\t\t\t\t<img fetchpriority=\"high\" decoding=\"async\" width=\"1000\" height=\"1350\" src=\"https:\/\/velotac.it\/wp-content\/uploads\/2025\/09\/about-image1.webp\" class=\"attachment-full size-full wp-image-3349\" alt=\"\" srcset=\"https:\/\/velotac.it\/wp-content\/uploads\/2025\/09\/about-image1.webp 1000w, https:\/\/velotac.it\/wp-content\/uploads\/2025\/09\/about-image1-222x300.webp 222w, https:\/\/velotac.it\/wp-content\/uploads\/2025\/09\/about-image1-759x1024.webp 759w, https:\/\/velotac.it\/wp-content\/uploads\/2025\/09\/about-image1-768x1037.webp 768w, https:\/\/velotac.it\/wp-content\/uploads\/2025\/09\/about-image1-600x810.webp 600w\" sizes=\"(max-width: 1000px) 100vw, 1000px\" \/>\t\t\t\t\t\t\t\t\t\t\t\t\t\t\t<\/div>\n\t\t<div class=\"elementor-element elementor-element-c42a4d6 e-con-full e-flex e-con e-child\" data-id=\"c42a4d6\" data-element_type=\"container\" data-e-type=\"container\">\n\t\t\t\t<div class=\"elementor-element elementor-element-f2b0a98 elementor-widget__width-initial elementor-widget elementor-widget-react-heading\" data-id=\"f2b0a98\" data-element_type=\"widget\" data-e-type=\"widget\" data-widget_type=\"react-heading.default\">\n\t\t\t\t<div class=\"elementor-widget-container\">\n\t\t\t\t\t\r\n\t\t<div class=\"react-heading\">\r\n\t\t    <div class=\"rts__section__inner\">\r\n\t\t\t   <span class=\"rts__section__subtitle\">Chi siamo<\/span>\r\n\t\t    <h2 class=\"rts__section__title\">STORIA DEL MARCHIO VELOTAC<\/h2>\t\t\t   <div class=\"rts__section__description\"><p>La passione per la velocit\u00e0 e la vita si manifesta in tutti coloro che la scelgono come primo amore. Per coloro che comprendono in prima persona la bellezza di un veicolo veloce e potente e la gioia di lasciarlo correre libero con l'ala, \u00e8 una fratellanza. Lo stesso cameratismo che vive nei branchi di lupi che corrono insieme e si prendono cura l'uno dell'altro.<\/p><p>In Velotac, crediamo nell'integrit\u00e0 di una partnership paritaria. Confidiamo che i nostri clienti sappiano cosa \u00e8 meglio per la loro auto e loro confidano nella nostra integrit\u00e0 nella qualit\u00e0. In linea con lo spirito e la passione con cui Ferrari, Lamborghini e Maserati affrontano l'innovazione e lo sviluppo del prodotto, Velotac si impegna incessantemente a essere gli esperti della cura dell'auto del settore.<\/p><p>Perch\u00e9 manteniamo le nostre promesse.<\/p><p>Ai nostri standard.<br \/>Ai nostri compagni.<br \/>A vivere la vita bella al massimo.<br \/>Crediamo nella ricerca appassionata di ci\u00f2 che ti rende veramente felice.<\/p><p>Corriamo insieme, godendoci il viaggio verso qualsiasi meta ci porti il cuore.<\/p><p><span style=\"color: #ffffff\">Signori, accendete<\/span><span style=\"color: #ffffff\">i motori<\/span><\/p><\/div>\t\t    <\/div>\r\n\t\t<\/div>\r\n\t\t\t\t\t\t<\/div>\n\t\t\t\t<\/div>\n\t\t\t\t<\/div>\n\t\t\t\t\t<\/div>\n\t\t\t\t<\/div>\n\t\t<div class=\"elementor-element elementor-element-cf82c7e e-flex e-con-boxed e-con e-parent\" data-id=\"cf82c7e\" data-element_type=\"container\" data-e-type=\"container\" data-settings=\"{&quot;background_background&quot;:&quot;classic&quot;}\">\n\t\t\t\t\t<div class=\"e-con-inner\">\n\t\t<div class=\"elementor-element elementor-element-709677e e-con-full e-flex e-con e-child\" data-id=\"709677e\" data-element_type=\"container\" data-e-type=\"container\">\n\t\t\t\t<div class=\"elementor-element elementor-element-de55510 elementor-widget__width-initial elementor-widget elementor-widget-react-heading\" data-id=\"de55510\" data-element_type=\"widget\" data-e-type=\"widget\" data-widget_type=\"react-heading.default\">\n\t\t\t\t<div class=\"elementor-widget-container\">\n\t\t\t\t\t\r\n\t\t<div class=\"react-heading\">\r\n\t\t    <div class=\"rts__section__inner\">\r\n\t\t\t   <span class=\"rts__section__subtitle\">Cosa rende Velotac unico? <\/span>\r\n\t\t    <h2 class=\"rts__section__title\">TECNOLOGIA DI PROTEZIONE TRI-BOND<\/h2>\t\t\t   <div class=\"rts__section__description\"><p>Velotac incorpora il pi\u00f9 recente sistema di protezione del motore all'avanguardia che combina 3 livelli di protezione.<\/p><\/div>\t\t    <\/div>\r\n\t\t<\/div>\r\n\t\t\t\t\t\t<\/div>\n\t\t\t\t<\/div>\n\t\t\t\t<\/div>\n\t\t\t\t\t<\/div>\n\t\t\t\t<\/div>\n\t\t<div class=\"elementor-element elementor-element-c186b2a e-grid e-con-boxed e-con e-parent\" data-id=\"c186b2a\" data-element_type=\"container\" data-e-type=\"container\" data-settings=\"{&quot;background_background&quot;:&quot;classic&quot;}\">\n\t\t\t\t\t<div class=\"e-con-inner\">\n\t\t\t\t<div class=\"elementor-element elementor-element-ebe6efe rtimg-contain elementor-widget elementor-widget-image\" data-id=\"ebe6efe\" data-element_type=\"widget\" data-e-type=\"widget\" data-widget_type=\"image.default\">\n\t\t\t\t\t\t\t\t\t\t\t\t\t\t\t<img decoding=\"async\" width=\"640\" height=\"667\" src=\"https:\/\/velotac.it\/wp-content\/uploads\/2025\/10\/tri-bond_v3-983x1024.webp\" class=\"attachment-large size-large wp-image-4117\" alt=\"\" srcset=\"https:\/\/velotac.it\/wp-content\/uploads\/2025\/10\/tri-bond_v3-983x1024.webp 983w, https:\/\/velotac.it\/wp-content\/uploads\/2025\/10\/tri-bond_v3-288x300.webp 288w, https:\/\/velotac.it\/wp-content\/uploads\/2025\/10\/tri-bond_v3-768x800.webp 768w, https:\/\/velotac.it\/wp-content\/uploads\/2025\/10\/tri-bond_v3-1474x1536.webp 1474w, https:\/\/velotac.it\/wp-content\/uploads\/2025\/10\/tri-bond_v3-1965x2048.webp 1965w, https:\/\/velotac.it\/wp-content\/uploads\/2025\/10\/tri-bond_v3-12x12.webp 12w, https:\/\/velotac.it\/wp-content\/uploads\/2025\/10\/tri-bond_v3-600x625.webp 600w\" sizes=\"(max-width: 640px) 100vw, 640px\" \/>\t\t\t\t\t\t\t\t\t\t\t\t\t\t\t<\/div>\n\t\t\t\t<div class=\"elementor-element elementor-element-1e26b53 elementor-widget elementor-widget-text-editor\" data-id=\"1e26b53\" data-element_type=\"widget\" data-e-type=\"widget\" data-widget_type=\"text-editor.default\">\n\t\t\t\t\t\t\t\t\t<p><img decoding=\"async\" class=\"alignnone size-medium wp-image-4128\" src=\"https:\/\/velotac.it\/wp-content\/uploads\/2025\/10\/Vector-Smart-Object-2-214x300.png\" alt=\"\" width=\"214\" height=\"300\" srcset=\"https:\/\/velotac.it\/wp-content\/uploads\/2025\/10\/Vector-Smart-Object-2-214x300.png 214w, https:\/\/velotac.it\/wp-content\/uploads\/2025\/10\/Vector-Smart-Object-2-9x12.png 9w, https:\/\/velotac.it\/wp-content\/uploads\/2025\/10\/Vector-Smart-Object-2.png 357w\" sizes=\"(max-width: 214px) 100vw, 214px\" \/><\/p><p>Le caratteristiche uniche di Friction Guard sono progettate per ripristinare e riparare le superfici metalliche, formando uno strato protettivo ultra-liscio sulla superficie metallica. Lo strato protettivo \u00e8 in grado di resistere a calore e pressione elevati, garantendo prestazioni migliori.<\/p>\t\t\t\t\t\t\t\t<\/div>\n\t\t\t\t<div class=\"elementor-element elementor-element-79efba2 elementor-widget elementor-widget-text-editor\" data-id=\"79efba2\" data-element_type=\"widget\" data-e-type=\"widget\" data-widget_type=\"text-editor.default\">\n\t\t\t\t\t\t\t\t\t<p><img decoding=\"async\" src=\"https:\/\/velotac.it\/wp-content\/uploads\/2025\/10\/Vector-Smart-Object-1-210x300.png\" \/><\/p><p>La speciale polarit\u00e0 dell'estere forma uno strato di protezione liquida che scorre vicino alla superficie metallica separatamente dagli altri oli base e dagli additivi. L'eccellente resistenza alle alte temperature e l'eccellente fluidit\u00e0 dell'Ester migliorano la protezione dall'usura e le prestazioni di avviamento a freddo.<\/p>\t\t\t\t\t\t\t\t<\/div>\n\t\t\t\t<div class=\"elementor-element elementor-element-6b70c3b elementor-widget elementor-widget-text-editor\" data-id=\"6b70c3b\" data-element_type=\"widget\" data-e-type=\"widget\" data-widget_type=\"text-editor.default\">\n\t\t\t\t\t\t\t\t\t<p><img loading=\"lazy\" decoding=\"async\" class=\"alignnone size-medium wp-image-4130\" src=\"https:\/\/velotac.it\/wp-content\/uploads\/2025\/10\/Vector-Smart-Object-211x300.png\" alt=\"\" width=\"211\" height=\"300\" srcset=\"https:\/\/velotac.it\/wp-content\/uploads\/2025\/10\/Vector-Smart-Object-211x300.png 211w, https:\/\/velotac.it\/wp-content\/uploads\/2025\/10\/Vector-Smart-Object-8x12.png 8w, https:\/\/velotac.it\/wp-content\/uploads\/2025\/10\/Vector-Smart-Object.png 348w\" sizes=\"(max-width: 211px) 100vw, 211px\" \/>\u00a0<\/p><p>L'esclusiva azione antiossidante e l'elevato indice di viscosit\u00e0 (VI) del PAO prolungano la durata dell'olio.<\/p><p>Riduce la volatilit\u00e0 dell'olio e ne riduce il consumo.<\/p><p>Migliora la tenuta dei componenti del motore per migliorare potenza e prestazioni.<\/p>\t\t\t\t\t\t\t\t<\/div>\n\t\t\t\t\t<\/div>\n\t\t\t\t<\/div>\n\t\t<div class=\"elementor-element elementor-element-dce6cd2 e-flex e-con-boxed e-con e-parent\" data-id=\"dce6cd2\" data-element_type=\"container\" data-e-type=\"container\">\n\t\t\t\t\t<div class=\"e-con-inner\">\n\t\t\t\t<div class=\"elementor-element elementor-element-1f5d18e elementor-widget-divider--view-line elementor-widget elementor-widget-divider\" data-id=\"1f5d18e\" data-element_type=\"widget\" data-e-type=\"widget\" data-widget_type=\"divider.default\">\n\t\t\t\t\t\t\t<div class=\"elementor-divider\">\n\t\t\t<span class=\"elementor-divider-separator\">\n\t\t\t\t\t\t<\/span>\n\t\t<\/div>\n\t\t\t\t\t\t<\/div>\n\t\t\t\t\t<\/div>\n\t\t\t\t<\/div>\n\t\t<div class=\"elementor-element elementor-element-0a7bd25 e-flex e-con-boxed e-con e-parent\" data-id=\"0a7bd25\" data-element_type=\"container\" data-e-type=\"container\">\n\t\t\t\t\t<div class=\"e-con-inner\">\n\t\t\t\t<div class=\"elementor-element elementor-element-dd3a991 elementor-widget elementor-widget-heading\" data-id=\"dd3a991\" data-element_type=\"widget\" data-e-type=\"widget\" data-widget_type=\"heading.default\">\n\t\t\t\t\t<h3 class=\"elementor-heading-title elementor-size-default\">APPROVAZIONI E CERTIFICAZIONI VELOTAC<\/h3>\t\t\t\t<\/div>\n\t\t\t\t\t<\/div>\n\t\t\t\t<\/div>\n\t\t<div class=\"elementor-element elementor-element-689b613 e-flex e-con-boxed e-con e-parent\" data-id=\"689b613\" data-element_type=\"container\" data-e-type=\"container\">\n\t\t\t\t\t<div class=\"e-con-inner\">\n\t\t\t\t<div class=\"elementor-element elementor-element-078c786 rtimg-contain elementor-widget elementor-widget-image\" data-id=\"078c786\" data-element_type=\"widget\" data-e-type=\"widget\" data-widget_type=\"image.default\">\n\t\t\t\t\t\t\t\t\t\t\t\t\t\t\t<img loading=\"lazy\" decoding=\"async\" width=\"1536\" height=\"629\" src=\"https:\/\/velotac.it\/wp-content\/uploads\/2025\/11\/Velotac-Approval-Certification-1536x629.png\" class=\"attachment-1536x1536 size-1536x1536 wp-image-5601\" alt=\"\" srcset=\"https:\/\/velotac.it\/wp-content\/uploads\/2025\/11\/Velotac-Approval-Certification-1536x629.png 1536w, https:\/\/velotac.it\/wp-content\/uploads\/2025\/11\/Velotac-Approval-Certification-300x123.png 300w, https:\/\/velotac.it\/wp-content\/uploads\/2025\/11\/Velotac-Approval-Certification-1024x419.png 1024w, https:\/\/velotac.it\/wp-content\/uploads\/2025\/11\/Velotac-Approval-Certification-768x314.png 768w, https:\/\/velotac.it\/wp-content\/uploads\/2025\/11\/Velotac-Approval-Certification-18x7.png 18w, https:\/\/velotac.it\/wp-content\/uploads\/2025\/11\/Velotac-Approval-Certification-600x246.png 600w, https:\/\/velotac.it\/wp-content\/uploads\/2025\/11\/Velotac-Approval-Certification.png 1939w\" sizes=\"(max-width: 1536px) 100vw, 1536px\" \/>\t\t\t\t\t\t\t\t\t\t\t\t\t\t\t<\/div>\n\t\t\t\t\t<\/div>\n\t\t\t\t<\/div>\n\t\t\t\t<\/div>","protected":false},"excerpt":{"rendered":"<p>Home Home Chi siamo STORIA DEL MARCHIO VELOTAC La passione per la velocit\u00e0 e la vita si manifesta in tutti coloro che la scelgono come primo amore. Per coloro che comprendono in prima persona la bellezza di un veicolo veloce e potente e le gioie di lasciarlo libero di correre con l'ala, si tratta di una fratellanza. Lo stesso cameratismo...<\/p>","protected":false},"author":1,"featured_media":3370,"parent":0,"menu_order":0,"comment_status":"closed","ping_status":"closed","template":"elementor_header_footer","meta":{"_monsterinsights_skip_tracking":false,"_monsterinsights_sitenote_active":false,"_monsterinsights_sitenote_note":"","_monsterinsights_sitenote_category":0,"footnotes":""},"class_list":["post-31","page","type-page","status-publish","has-post-thumbnail","hentry"],"_links":{"self":[{"href":"https:\/\/velotac.it\/it\/wp-json\/wp\/v2\/pages\/31","targetHints":{"allow":["GET"]}}],"collection":[{"href":"https:\/\/velotac.it\/it\/wp-json\/wp\/v2\/pages"}],"about":[{"href":"https:\/\/velotac.it\/it\/wp-json\/wp\/v2\/types\/page"}],"author":[{"embeddable":true,"href":"https:\/\/velotac.it\/it\/wp-json\/wp\/v2\/users\/1"}],"replies":[{"embeddable":true,"href":"https:\/\/velotac.it\/it\/wp-json\/wp\/v2\/comments?post=31"}],"version-history":[{"count":378,"href":"https:\/\/velotac.it\/it\/wp-json\/wp\/v2\/pages\/31\/revisions"}],"predecessor-version":[{"id":5604,"href":"https:\/\/velotac.it\/it\/wp-json\/wp\/v2\/pages\/31\/revisions\/5604"}],"wp:featuredmedia":[{"embeddable":true,"href":"https:\/\/velotac.it\/it\/wp-json\/wp\/v2\/media\/3370"}],"wp:attachment":[{"href":"https:\/\/velotac.it\/it\/wp-json\/wp\/v2\/media?parent=31"}],"curies":[{"name":"wp","href":"https:\/\/api.w.org\/{rel}","templated":true}]}}