{"id":3304,"date":"2025-09-24T13:20:42","date_gmt":"2025-09-24T13:20:42","guid":{"rendered":"http:\/\/velotac.it\/?post_type=product&#038;p=3304"},"modified":"2025-11-20T07:17:24","modified_gmt":"2025-11-20T07:17:24","slug":"velotac-c30-2","status":"publish","type":"product","link":"https:\/\/velotac.it\/it\/prodotto\/velotac-c30-2\/","title":{"rendered":"03. VELOTAC C30 MOTORE PROTEGGERE"},"content":{"rendered":"","protected":false},"excerpt":{"rendered":"<p><strong>TRATTAMENTO DELL'OLIO MOTORE<\/strong><\/p>\n<p>VELOTAC C30 ENGINE PROTECT \u00e8 un trattamento per olio motore specificamente progettato per i moderni motori multicilindrici e multivalvole a benzina e diesel, con o senza turbocompressore. Formulato con complesso di molibdeno e stabilizzatore di viscosit\u00e0 per migliorare la compressione del motore e l'affidabilit\u00e0 dell'olio motore. Contribuisce a migliorare la stabilit\u00e0 al taglio ad alte temperature e carichi elevati, a migliorare la potenza del motore, a migliorare il risparmio di carburante e a garantire un funzionamento regolare del motore.<\/p>\n<p><strong>Caratteristiche e vantaggi<\/strong><\/p>\n<ul>\n<li>Eccellente protezione antiusura<\/li>\n<li>Maggiore durata del motore<\/li>\n<li>Risparmio di carburante<\/li>\n<li>Potenza del motore ottimale<\/li>\n<\/ul>\n<p><strong>Istruzioni<\/strong><\/p>\n<ul>\n<li>Una lattina da 450 ml \u00e8 sufficiente per un massimo di 6 litri di olio<\/li>\n<li>Ridurre il volume di olio specificato di 450 ml<\/li>\n<li style=\"text-align: left;\">Compatibile con tutti gli oli motore minerali e sintetici disponibili in commercio<\/li>\n<\/ul>","protected":false},"featured_media":3291,"template":"","meta":{"_monsterinsights_skip_tracking":false,"_monsterinsights_sitenote_active":false,"_monsterinsights_sitenote_note":"","_monsterinsights_sitenote_category":0},"product_brand":[],"product_cat":[46],"product_tag":[],"class_list":{"0":"post-3304","1":"product","2":"type-product","3":"status-publish","4":"has-post-thumbnail","6":"product_cat-additives-car-care","8":"first","9":"instock","10":"shipping-taxable","11":"product-type-simple"},"_links":{"self":[{"href":"https:\/\/velotac.it\/it\/wp-json\/wp\/v2\/product\/3304","targetHints":{"allow":["GET"]}}],"collection":[{"href":"https:\/\/velotac.it\/it\/wp-json\/wp\/v2\/product"}],"about":[{"href":"https:\/\/velotac.it\/it\/wp-json\/wp\/v2\/types\/product"}],"wp:featuredmedia":[{"embeddable":true,"href":"https:\/\/velotac.it\/it\/wp-json\/wp\/v2\/media\/3291"}],"wp:attachment":[{"href":"https:\/\/velotac.it\/it\/wp-json\/wp\/v2\/media?parent=3304"}],"wp:term":[{"taxonomy":"product_brand","embeddable":true,"href":"https:\/\/velotac.it\/it\/wp-json\/wp\/v2\/product_brand?post=3304"},{"taxonomy":"product_cat","embeddable":true,"href":"https:\/\/velotac.it\/it\/wp-json\/wp\/v2\/product_cat?post=3304"},{"taxonomy":"product_tag","embeddable":true,"href":"https:\/\/velotac.it\/it\/wp-json\/wp\/v2\/product_tag?post=3304"}],"curies":[{"name":"wp","href":"https:\/\/api.w.org\/{rel}","templated":true}]}}