{"id":3318,"date":"2025-09-24T13:44:28","date_gmt":"2025-09-24T13:44:28","guid":{"rendered":"http:\/\/velotac.it\/?post_type=product&#038;p=3318"},"modified":"2025-10-17T02:53:00","modified_gmt":"2025-10-17T02:53:00","slug":"velotac-trucko-hp-20w50-1l","status":"publish","type":"product","link":"https:\/\/velotac.it\/it\/prodotto\/velotac-trucko-hp-20w50-1l\/","title":{"rendered":"03. VELOTAC TRUCKO HP"},"content":{"rendered":"","protected":false},"excerpt":{"rendered":"<p><strong>OLIO MOTORE PER AUTOCARRI PESANTI A PROTEZIONE EXTRA<\/strong><\/p>\n<p>VELOTAC TRUCKO HP \u00e8 un olio motore per autocarri pesanti a protezione extra, appositamente formulato con un sistema di additivi avanzato per garantire prestazioni e protezione ottimali anche in condizioni di alte temperature e carichi estremi. Il suo sistema di additivi avanzato offre un'eccellente protezione dall'usura e una pulizia del motore eccellente, ed \u00e8 in grado di neutralizzare l'acidit\u00e0 causata dall'elevato contenuto di zolfo nel gasolio.<\/p>\n<p><strong>Grado di viscosit\u00e0: 20W-50<\/strong><\/p>\n<p><strong>Caratteristiche e vantaggi<\/strong><\/p>\n<ul>\n<li>Eccezionale pulizia del motore per un funzionamento efficiente e costi di manutenzione ridotti<\/li>\n<li>Eccellente protezione dall'usura per una maggiore durata dei componenti e prestazioni complessive migliorate<\/li>\n<li>Buona stabilit\u00e0 termica e resistenza all'ossidazione per controllare la formazione di morchie, depositi e aumento della viscosit\u00e0 per cambi d'olio pi\u00f9 lunghi<\/li>\n<li>Eccellente controllo di acidi e corrosione<\/li>\n<\/ul>\n<p><strong>Raccomandazione<\/strong><\/p>\n<ul>\n<li>Per l'uso durante tutto l'anno in motori diesel a carico pesante di camion a lunga percorrenza e macchine per la costruzione di strade<\/li>\n<li>Utilizzo in moderni motori diesel a basse emissioni, aspirati e turbocompressi, conformi ai requisiti sulle emissioni Euro 5 (senza filtri antiparticolato diesel) 4, 3, 2 e US 2002<\/li>\n<\/ul>\n<p><strong>Specifiche e prestazioni<\/strong><\/p>\n<ul>\n<li>API CH-4\/SL<\/li>\n<li>MB 228.3<\/li>\n<li>Tipo MTU 2.0<\/li>\n<li>MAN M 3275<\/li>\n<li>Cummins CES 20077<\/li>\n<li>Mack EO-M Plus<\/li>\n<li>Caterpillar ECF-1a<\/li>\n<li>Deutz II<\/li>\n<\/ul>","protected":false},"featured_media":4312,"template":"","meta":{"_monsterinsights_skip_tracking":false,"_monsterinsights_sitenote_active":false,"_monsterinsights_sitenote_note":"","_monsterinsights_sitenote_category":0},"product_brand":[],"product_cat":[38],"product_tag":[],"class_list":{"0":"post-3318","1":"product","2":"type-product","3":"status-publish","4":"has-post-thumbnail","6":"product_cat-commercial","8":"first","9":"instock","10":"shipping-taxable","11":"product-type-simple"},"_links":{"self":[{"href":"https:\/\/velotac.it\/it\/wp-json\/wp\/v2\/product\/3318","targetHints":{"allow":["GET"]}}],"collection":[{"href":"https:\/\/velotac.it\/it\/wp-json\/wp\/v2\/product"}],"about":[{"href":"https:\/\/velotac.it\/it\/wp-json\/wp\/v2\/types\/product"}],"wp:featuredmedia":[{"embeddable":true,"href":"https:\/\/velotac.it\/it\/wp-json\/wp\/v2\/media\/4312"}],"wp:attachment":[{"href":"https:\/\/velotac.it\/it\/wp-json\/wp\/v2\/media?parent=3318"}],"wp:term":[{"taxonomy":"product_brand","embeddable":true,"href":"https:\/\/velotac.it\/it\/wp-json\/wp\/v2\/product_brand?post=3318"},{"taxonomy":"product_cat","embeddable":true,"href":"https:\/\/velotac.it\/it\/wp-json\/wp\/v2\/product_cat?post=3318"},{"taxonomy":"product_tag","embeddable":true,"href":"https:\/\/velotac.it\/it\/wp-json\/wp\/v2\/product_tag?post=3318"}],"curies":[{"name":"wp","href":"https:\/\/api.w.org\/{rel}","templated":true}]}}