{"id":3319,"date":"2025-09-24T13:45:36","date_gmt":"2025-09-24T13:45:36","guid":{"rendered":"http:\/\/velotac.it\/?post_type=product&#038;p=3319"},"modified":"2025-10-17T02:56:17","modified_gmt":"2025-10-17T02:56:17","slug":"velotac-trucko-hp-20w50-6l","status":"publish","type":"product","link":"https:\/\/velotac.it\/it\/prodotto\/velotac-trucko-hp-20w50-6l\/","title":{"rendered":"04. VELOTAC TRUCKO HD"},"content":{"rendered":"","protected":false},"excerpt":{"rendered":"<p><strong>OLIO MOTORE PER AUTOCARRI PESANTI AD ALTE PRESTAZIONI<\/strong><\/p>\n<p>VELOTAC TRUCKO HD \u00e8 un olio motore diesel per autocarri pesanti ad alte prestazioni, arricchito con detergenti e disperdenti avanzati per rimuovere la fuliggine e controllare la formazione di depositi, mantenendo il motore pulito e performante al massimo. \u00c8 inoltre arricchito con un sistema avanzato di protezione dagli acidi per alleviare gli effetti negativi del gasolio, che in genere contiene alti livelli di zolfo e idrocarburi policiclici.<\/p>\n<p><strong>Grado di viscosit\u00e0: 15W-40; 20W-50<\/strong><\/p>\n<p><strong>Caratteristiche e vantaggi\u00a0<\/strong><\/p>\n<ul>\n<li>Eccezionale pulizia del motore per un funzionamento efficiente e costi di manutenzione ridotti<\/li>\n<li>Eccellente protezione dall'usura per una maggiore durata dei componenti e prestazioni complessive migliorate<\/li>\n<li>Elevata stabilit\u00e0 termica e resistenza all'ossidazione per controllare l'accumulo di morchie, depositi e aumento della viscosit\u00e0 per cambi d'olio pi\u00f9 lunghi<\/li>\n<li>Buona efficienza del carburante per costi operativi inferiori<\/li>\n<\/ul>\n<p><strong>Raccomandazione<\/strong><\/p>\n<ul>\n<li>Utilizzo in motori diesel aspirati e turbocompressi<\/li>\n<li>Adatto all'uso anche in condizioni operative gravose in applicazioni pesanti, tra cui estrazione mineraria, edilizia e agricoltura, su strada e fuoristrada<\/li>\n<li>Nelle flotte di veicoli misti, pu\u00f2 essere utilizzato nei motori a benzina, dove il produttore raccomanda l'uso di un olio con tali specifiche e viscosit\u00e0<\/li>\n<\/ul>\n<p><strong>Specifiche e prestazioni<\/strong><\/p>\n<ul>\n<li>API CF-4\/SG<\/li>\n<\/ul>","protected":false},"featured_media":4036,"template":"","meta":{"_monsterinsights_skip_tracking":false,"_monsterinsights_sitenote_active":false,"_monsterinsights_sitenote_note":"","_monsterinsights_sitenote_category":0},"product_brand":[],"product_cat":[38],"product_tag":[],"class_list":{"0":"post-3319","1":"product","2":"type-product","3":"status-publish","4":"has-post-thumbnail","6":"product_cat-commercial","8":"first","9":"instock","10":"shipping-taxable","11":"product-type-simple"},"_links":{"self":[{"href":"https:\/\/velotac.it\/it\/wp-json\/wp\/v2\/product\/3319","targetHints":{"allow":["GET"]}}],"collection":[{"href":"https:\/\/velotac.it\/it\/wp-json\/wp\/v2\/product"}],"about":[{"href":"https:\/\/velotac.it\/it\/wp-json\/wp\/v2\/types\/product"}],"wp:featuredmedia":[{"embeddable":true,"href":"https:\/\/velotac.it\/it\/wp-json\/wp\/v2\/media\/4036"}],"wp:attachment":[{"href":"https:\/\/velotac.it\/it\/wp-json\/wp\/v2\/media?parent=3319"}],"wp:term":[{"taxonomy":"product_brand","embeddable":true,"href":"https:\/\/velotac.it\/it\/wp-json\/wp\/v2\/product_brand?post=3319"},{"taxonomy":"product_cat","embeddable":true,"href":"https:\/\/velotac.it\/it\/wp-json\/wp\/v2\/product_cat?post=3319"},{"taxonomy":"product_tag","embeddable":true,"href":"https:\/\/velotac.it\/it\/wp-json\/wp\/v2\/product_tag?post=3319"}],"curies":[{"name":"wp","href":"https:\/\/api.w.org\/{rel}","templated":true}]}}