{"id":3383,"date":"2025-09-26T10:47:36","date_gmt":"2025-09-26T10:47:36","guid":{"rendered":"http:\/\/velotac.it\/?post_type=product&#038;p=3383"},"modified":"2025-10-21T08:32:20","modified_gmt":"2025-10-21T08:32:20","slug":"velotac-moto-rd","status":"publish","type":"product","link":"https:\/\/velotac.it\/it\/prodotto\/velotac-moto-rd\/","title":{"rendered":"03. VELOTAC MOTO RD"},"content":{"rendered":"","protected":false},"excerpt":{"rendered":"<p><strong>OLIO SINTETICO PER SCOOTER A 4 TEMPI <\/strong><\/p>\n<p>VELOTAC MOTO RD \u00e8 un olio ad alte prestazioni, specificamente formulato per mantenere una viscosit\u00e0 uniforme per tutta la sua durata. Ci\u00f2 garantisce prestazioni costanti del motore anche in diverse condizioni operative. La formula \u00e8 certificata JASO, garantendo cos\u00ec la prevenzione dello slittamento della frizione.<\/p>\n<p><strong>Grado di viscosit\u00e0: 10W-30; 15W-40<\/strong><\/p>\n<p><strong>Caratteristiche e vantaggi<\/strong><\/p>\n<ul>\n<li>La formulazione unica impedisce la rottura del film d'olio, offrendo cos\u00ec una protezione superiore anche in condizioni di traffico intenso e continuo.<\/li>\n<li>L'elevata stabilit\u00e0 all'ossidazione resiste alla degradazione dell'olio ad alte temperature.<\/li>\n<li>Protegge dall'ispessimento dell'olio e dall'intasamento di condotti e filtri dell'olio.<\/li>\n<li>Buone propriet\u00e0 detergenti-disperdenti per mantenere pulito il motore.<\/li>\n<li>Protezione superiore contro l'ossidazione dell'olio e la formazione di morchie<\/li>\n<li>Buone propriet\u00e0 antischiuma e antiusura<\/li>\n<\/ul>\n<p><strong>Raccomandazione<\/strong><\/p>\n<ul>\n<li>Per scooter a 4 tempi.<\/li>\n<li>Per scooter automatici e veicoli a 2 ruote senza cambio<\/li>\n<li>Compatibile con convertitori catalitici e carburanti senza piombo.<\/li>\n<\/ul>\n<p><strong>Specifiche e prestazioni<\/strong><\/p>\n<ul>\n<li>API SL<\/li>\n<li>\u00a0JASO MB<\/li>\n<\/ul>","protected":false},"featured_media":3265,"template":"","meta":{"_monsterinsights_skip_tracking":false,"_monsterinsights_sitenote_active":false,"_monsterinsights_sitenote_note":"","_monsterinsights_sitenote_category":0},"product_brand":[],"product_cat":[37,65],"product_tag":[],"class_list":{"0":"post-3383","1":"product","2":"type-product","3":"status-publish","4":"has-post-thumbnail","6":"product_cat-motocycles","7":"product_cat-scooter-series","9":"first","10":"instock","11":"shipping-taxable","12":"product-type-simple"},"_links":{"self":[{"href":"https:\/\/velotac.it\/it\/wp-json\/wp\/v2\/product\/3383","targetHints":{"allow":["GET"]}}],"collection":[{"href":"https:\/\/velotac.it\/it\/wp-json\/wp\/v2\/product"}],"about":[{"href":"https:\/\/velotac.it\/it\/wp-json\/wp\/v2\/types\/product"}],"wp:featuredmedia":[{"embeddable":true,"href":"https:\/\/velotac.it\/it\/wp-json\/wp\/v2\/media\/3265"}],"wp:attachment":[{"href":"https:\/\/velotac.it\/it\/wp-json\/wp\/v2\/media?parent=3383"}],"wp:term":[{"taxonomy":"product_brand","embeddable":true,"href":"https:\/\/velotac.it\/it\/wp-json\/wp\/v2\/product_brand?post=3383"},{"taxonomy":"product_cat","embeddable":true,"href":"https:\/\/velotac.it\/it\/wp-json\/wp\/v2\/product_cat?post=3383"},{"taxonomy":"product_tag","embeddable":true,"href":"https:\/\/velotac.it\/it\/wp-json\/wp\/v2\/product_tag?post=3383"}],"curies":[{"name":"wp","href":"https:\/\/api.w.org\/{rel}","templated":true}]}}