{"id":3478,"date":"2025-09-27T06:18:23","date_gmt":"2025-09-27T06:18:23","guid":{"rendered":"http:\/\/velotac.it\/?post_type=product&#038;p=3478"},"modified":"2025-10-17T02:47:53","modified_gmt":"2025-10-17T02:47:53","slug":"velotac-trucko-hxs-5w-30","status":"publish","type":"product","link":"https:\/\/velotac.it\/it\/prodotto\/velotac-trucko-hxs-5w-30\/","title":{"rendered":"02. VELOTAC TRUCKO HT"},"content":{"rendered":"","protected":false},"excerpt":{"rendered":"<p><strong>OLIO MOTORE PER AUTOCARRI PESANTI AD ALTE PRESTAZIONI<\/strong><\/p>\n<p>VELOTAC TRUCKO HT \u00e8 un olio motore per autocarri pesanti ad alte prestazioni, appositamente formulato con un sistema di additivi avanzato per garantire prestazioni e protezione ottimali anche ad alte temperature e in condizioni di carico estreme. \u00c8 arricchito con detergenti e additivi disperdenti avanzati per alleviare gli effetti negativi del gasolio contenente elevati livelli di zolfo e idrocarburi policiclici.<\/p>\n<p>VELOTAC TRUCKO HT \u00e8 progettato per offrire prestazioni eccezionali sia nei moderni ed esigenti motori diesel a basse emissioni, sia nei motori diesel pi\u00f9 vecchi che funzionano con carburante a basso o alto tenore di zolfo.<\/p>\n<p><strong>Grado di viscosit\u00e0: 15W-40; 20W-50<\/strong><\/p>\n<p><strong>Caratteristiche e vantaggi<\/strong><\/p>\n<ul>\n<li>Eccezionale pulizia del motore per un funzionamento efficiente e costi di manutenzione ridotti<\/li>\n<li>Straordinaria protezione dall'usura per una maggiore durata dei componenti e prestazioni complessive migliorate<\/li>\n<li>Eccellente stabilit\u00e0 termica e resistenza all'ossidazione per controllare la formazione di morchie, depositi e aumento della viscosit\u00e0 per cambi d'olio pi\u00f9 lunghi<\/li>\n<li>Eccellente controllo di acidi e corrosione<\/li>\n<\/ul>\n<p><strong>Raccomandazione<\/strong><\/p>\n<ul>\n<li>Per l'uso in moderni motori diesel a basse emissioni, aspirati e turbocompressi, conformi ai requisiti sulle emissioni Euro 5 (senza filtri antiparticolato diesel) 4, 3, 2 e US 2002<\/li>\n<li>Per motori progettati con ricircolo dei gas di scarico (EGR)<\/li>\n<li>Adatto per autocarri pesanti e su strada, settori off-highway, tra cui: edilizia, estrazione mineraria, cave e agricoltura<\/li>\n<\/ul>\n<p><strong>Specifiche e prestazioni<\/strong><\/p>\n<ul>\n<li>API CI-4 \/ CH-4<\/li>\n<li>\u00a0ACEA E7<\/li>\n<li>\u00a0MB 228.3<\/li>\n<li>\u00a0MTU tipo 2<\/li>\n<li>\u00a0MAN M 3275<\/li>\n<li>\u00a0Volvo VDS-3<\/li>\n<li>\u00a0Cummins CES 20077 \/ 20078.<\/li>\n<li>\u00a0Mack EO-M Plus \/ EO-N<\/li>\n<li>Globale DHD-1<\/li>\n<li>\u00a0JASO DH-1<\/li>\n<li>\u00a0Detroit Diesel DDC 93K215<\/li>\n<li>\u00a0Camion Renault RLD-2<\/li>\n<li>\u00a0Allison C-4<\/li>\n<li>\u00a0Caterpillar ECF-2<\/li>\n<li>\u00a0Deutz III<\/li>\n<\/ul>","protected":false},"featured_media":4311,"template":"","meta":{"_monsterinsights_skip_tracking":false,"_monsterinsights_sitenote_active":false,"_monsterinsights_sitenote_note":"","_monsterinsights_sitenote_category":0},"product_brand":[],"product_cat":[38],"product_tag":[],"class_list":{"0":"post-3478","1":"product","2":"type-product","3":"status-publish","4":"has-post-thumbnail","6":"product_cat-commercial","8":"first","9":"instock","10":"shipping-taxable","11":"product-type-simple"},"_links":{"self":[{"href":"https:\/\/velotac.it\/it\/wp-json\/wp\/v2\/product\/3478","targetHints":{"allow":["GET"]}}],"collection":[{"href":"https:\/\/velotac.it\/it\/wp-json\/wp\/v2\/product"}],"about":[{"href":"https:\/\/velotac.it\/it\/wp-json\/wp\/v2\/types\/product"}],"wp:featuredmedia":[{"embeddable":true,"href":"https:\/\/velotac.it\/it\/wp-json\/wp\/v2\/media\/4311"}],"wp:attachment":[{"href":"https:\/\/velotac.it\/it\/wp-json\/wp\/v2\/media?parent=3478"}],"wp:term":[{"taxonomy":"product_brand","embeddable":true,"href":"https:\/\/velotac.it\/it\/wp-json\/wp\/v2\/product_brand?post=3478"},{"taxonomy":"product_cat","embeddable":true,"href":"https:\/\/velotac.it\/it\/wp-json\/wp\/v2\/product_cat?post=3478"},{"taxonomy":"product_tag","embeddable":true,"href":"https:\/\/velotac.it\/it\/wp-json\/wp\/v2\/product_tag?post=3478"}],"curies":[{"name":"wp","href":"https:\/\/api.w.org\/{rel}","templated":true}]}}