{"id":4551,"date":"2025-10-17T07:30:05","date_gmt":"2025-10-17T07:30:05","guid":{"rendered":"http:\/\/velotac.it\/?post_type=product&#038;p=4551"},"modified":"2025-11-20T07:18:20","modified_gmt":"2025-11-20T07:18:20","slug":"velotac-f1-pro-power-clean","status":"publish","type":"product","link":"https:\/\/velotac.it\/it\/prodotto\/velotac-f1-pro-power-clean\/","title":{"rendered":"05. VELOTAC F1 PRO POWER CLEAN"},"content":{"rendered":"","protected":false},"excerpt":{"rendered":"<p><strong>ADDITIVO PER LE PRESTAZIONI DELLA BENZINA<\/strong><\/p>\n<p>Velotac F1 PRO \u00e8 un pacchetto di additivi multifunzionali per le prestazioni della benzina, progettato per migliorare le prestazioni dei motori a benzina. \u00c8 efficace in tutti i tipi di sistemi di iniezione del carburante. Velotac F1 PRO \u00e8 completamente solubile nella benzina e nelle miscele benzina-etanolo ed \u00e8 compatibile con i materiali comunemente utilizzati nei motori e nei sistemi di alimentazione.<br \/>\nVelotac F1 PRO e il suo esclusivo sistema detergente controllano e rimuovono i depositi su iniettori e valvole di aspirazione per migliorare la guidabilit\u00e0, aumentare il risparmio di carburante e ridurre le emissioni di scarico. Velotac F1 PRO fornisce protezione contro la corrosione, l'emulsione o l'opacit\u00e0 nei sistemi di alimentazione a umido. Inoltre, Velotac F1 PRO pu\u00f2 migliorare l'efficienza di combustione dei motori a benzina e ridurre il coefficiente di usura lungo le superfici metallo-metallo all'interno dei motori, con conseguente aumento dell'efficienza e maggiore durata dei componenti.<\/p>\n<p><strong>Caratteristiche e vantaggi\u00a0<\/strong><\/p>\n<ul>\n<li>Eccezionale protezione dall'usura per prolungare la durata del motore<\/li>\n<li>Migliora le prestazioni di combustione per un maggiore risparmio di carburante<\/li>\n<li>\u00a0Eccellente potere detergente per mantenere iniettori e valvole di aspirazione liberi da depositi<\/li>\n<li>\u00a0Riduce le emissioni per un ambiente pi\u00f9 pulito<\/li>\n<li>\u00a0Eccellente controllo della corrosione e della prevenzione delle emulsioni<\/li>\n<\/ul>","protected":false},"featured_media":4878,"template":"","meta":{"_monsterinsights_skip_tracking":false,"_monsterinsights_sitenote_active":false,"_monsterinsights_sitenote_note":"","_monsterinsights_sitenote_category":0},"product_brand":[],"product_cat":[46],"product_tag":[],"class_list":{"0":"post-4551","1":"product","2":"type-product","3":"status-publish","4":"has-post-thumbnail","6":"product_cat-additives-car-care","8":"first","9":"instock","10":"shipping-taxable","11":"product-type-simple"},"_links":{"self":[{"href":"https:\/\/velotac.it\/it\/wp-json\/wp\/v2\/product\/4551","targetHints":{"allow":["GET"]}}],"collection":[{"href":"https:\/\/velotac.it\/it\/wp-json\/wp\/v2\/product"}],"about":[{"href":"https:\/\/velotac.it\/it\/wp-json\/wp\/v2\/types\/product"}],"wp:featuredmedia":[{"embeddable":true,"href":"https:\/\/velotac.it\/it\/wp-json\/wp\/v2\/media\/4878"}],"wp:attachment":[{"href":"https:\/\/velotac.it\/it\/wp-json\/wp\/v2\/media?parent=4551"}],"wp:term":[{"taxonomy":"product_brand","embeddable":true,"href":"https:\/\/velotac.it\/it\/wp-json\/wp\/v2\/product_brand?post=4551"},{"taxonomy":"product_cat","embeddable":true,"href":"https:\/\/velotac.it\/it\/wp-json\/wp\/v2\/product_cat?post=4551"},{"taxonomy":"product_tag","embeddable":true,"href":"https:\/\/velotac.it\/it\/wp-json\/wp\/v2\/product_tag?post=4551"}],"curies":[{"name":"wp","href":"https:\/\/api.w.org\/{rel}","templated":true}]}}