{"id":4553,"date":"2025-10-17T08:21:15","date_gmt":"2025-10-17T08:21:15","guid":{"rendered":"http:\/\/velotac.it\/?post_type=product&#038;p=4553"},"modified":"2025-10-23T13:44:41","modified_gmt":"2025-10-23T13:44:41","slug":"velotac-aria-m-100","status":"publish","type":"product","link":"https:\/\/velotac.it\/it\/prodotto\/velotac-aria-m-100\/","title":{"rendered":"05. VELOTAC ARIA M"},"content":{"rendered":"","protected":false},"excerpt":{"rendered":"<p><strong>OLIO PER COMPRESSORI SENZA CENERI PREMIUM<\/strong><\/p>\n<p>VELOTAC ARIA M \u00e8 un olio per compressori d'aria senza ceneri progettato per soddisfare i severi requisiti della maggior parte dei produttori di compressori. \u00c8 formulato con oli base di alta qualit\u00e0 e un sistema di additivi ad alte prestazioni per fornire un'eccezionale protezione e affidabilit\u00e0 delle apparecchiature per compressori che operano anche in condizioni difficili.<br \/>\nDotato di un elevato valore FZG, VELOTAC ARIA M pu\u00f2 essere utilizzato in sistemi di compressione di ingranaggi e cuscinetti, rendendoli una scelta eccellente per i carter motore.<br \/>\nVELOTAC ARIA M non \u00e8 destinato n\u00e9 raccomandato per l'uso in compressori d'aria per applicazioni respiratorie.<\/p>\n<p><strong>Grado di viscosit\u00e0: ISO VG 100 \/ 150<\/strong><\/p>\n<p><strong>Caratteristiche e vantaggi<\/strong><\/p>\n<ul>\n<li>Mantiene i compressori pi\u00f9 puliti e con meno depositi<\/li>\n<li>Eccellente stabilit\u00e0 termica e all'ossidazione per prolungare la durata utile<\/li>\n<li>\u00a0Eccellente protezione contro usura e corrosione, che aumenta la durata dei macchinari e le loro prestazioni<\/li>\n<li>\u00a0Migliora la protezione delle valvole e riduce l'usura di anelli di tenuta e cilindri<\/li>\n<\/ul>\n<p><strong>Raccomandazione<\/strong><\/p>\n<ul>\n<li>Compressori rotativi monostadio e multistadio.<\/li>\n<li>Adatto per l'uso in carter e cilindri di compressori d'aria alternativi, compressori rotativi a vite, compressori rotativi a palette, compressori assiali e centrifughi, sistemi di compressione con ingranaggi e cuscinetti critici e compressori utilizzati in applicazioni fisse e mobili<\/li>\n<\/ul>\n<p><strong>Specifiche e prestazioni<\/strong><\/p>\n<ul>\n<li>DIN 51506 VDL<\/li>\n<\/ul>","protected":false},"featured_media":4327,"template":"","meta":{"_monsterinsights_skip_tracking":false,"_monsterinsights_sitenote_active":false,"_monsterinsights_sitenote_note":"","_monsterinsights_sitenote_category":0},"product_brand":[],"product_cat":[41,69],"product_tag":[],"class_list":{"0":"post-4553","1":"product","2":"type-product","3":"status-publish","4":"has-post-thumbnail","6":"product_cat-industrial-lubricants","7":"product_cat-compressor-oil","9":"first","10":"instock","11":"shipping-taxable","12":"product-type-simple"},"_links":{"self":[{"href":"https:\/\/velotac.it\/it\/wp-json\/wp\/v2\/product\/4553","targetHints":{"allow":["GET"]}}],"collection":[{"href":"https:\/\/velotac.it\/it\/wp-json\/wp\/v2\/product"}],"about":[{"href":"https:\/\/velotac.it\/it\/wp-json\/wp\/v2\/types\/product"}],"wp:featuredmedia":[{"embeddable":true,"href":"https:\/\/velotac.it\/it\/wp-json\/wp\/v2\/media\/4327"}],"wp:attachment":[{"href":"https:\/\/velotac.it\/it\/wp-json\/wp\/v2\/media?parent=4553"}],"wp:term":[{"taxonomy":"product_brand","embeddable":true,"href":"https:\/\/velotac.it\/it\/wp-json\/wp\/v2\/product_brand?post=4553"},{"taxonomy":"product_cat","embeddable":true,"href":"https:\/\/velotac.it\/it\/wp-json\/wp\/v2\/product_cat?post=4553"},{"taxonomy":"product_tag","embeddable":true,"href":"https:\/\/velotac.it\/it\/wp-json\/wp\/v2\/product_tag?post=4553"}],"curies":[{"name":"wp","href":"https:\/\/api.w.org\/{rel}","templated":true}]}}