{"id":4741,"date":"2025-10-22T03:43:02","date_gmt":"2025-10-22T03:43:02","guid":{"rendered":"http:\/\/velotac.it\/?post_type=product&#038;p=4741"},"modified":"2025-10-23T05:59:26","modified_gmt":"2025-10-23T05:59:26","slug":"04-velotac-ingranaggi-mdt","status":"publish","type":"product","link":"https:\/\/velotac.it\/it\/prodotto\/04-velotac-ingranaggi-mdt\/","title":{"rendered":"04. VELOTAC INGRANAGGI MDT"},"content":{"rendered":"","protected":false},"excerpt":{"rendered":"<p><strong>OLIO PER TRASMISSIONI AD ALTE PRESTAZIONI<\/strong><\/p>\n<p>VELOTAC INGRANAGGI MDT \u00e8 un olio ad alte prestazioni progettato per l'uso nei sistemi di trasmissione e idraulici dei pi\u00f9 recenti veicoli pesanti off-highway. \u00c8 formulato con additivi antiusura e antiossidanti di alta qualit\u00e0 per proteggere dall'usura e dai depositi ad alta temperatura, contribuendo a mantenere puliti i componenti e prolungandone la durata.<\/p>\n<p><strong>Grado di viscosit\u00e0: 10W\/30\/50<\/strong><\/p>\n<p><strong>Caratteristiche e vantaggi<\/strong><\/p>\n<ul>\n<li>Eccellenti prestazioni antiusura per una protezione ottimale e una maggiore durata dei componenti<\/li>\n<li>Buona stabilit\u00e0 termica e all'ossidazione per una maggiore durata operativa e costi di manutenzione ridotti<\/li>\n<li>Buona compatibilit\u00e0 con i materiali elastomerici utilizzati in guarnizioni e tenute, riducendo al minimo le perdite di fluido.<\/li>\n<li>Eccellenti prestazioni di attrito per cambi di marcia fluidi e fluidi con maggiore durata del materiale di attrito.<\/li>\n<li>Additivi anticorrosione di qualit\u00e0 superiore per un eccellente controllo di ruggine e corrosione, per una migliore protezione dei componenti<\/li>\n<\/ul>\n<p><strong>Specifiche e prestazioni<\/strong><\/p>\n<ul>\n<li>API CF\/CF-2<\/li>\n<li>Caterpillar TO-4<\/li>\n<li>Komatsu KES 07.868.1<\/li>\n<li>Allison C-4<\/li>\n<li>Trasmissione Mack<\/li>\n<li>Eaton Fuller<\/li>\n<li>Dana Powershift<\/li>\n<li>Komatsu Dresser<\/li>\n<li>ZF TE-ML 03C, 07F<\/li>\n<li style=\"list-style-type: none;\"><\/li>\n<\/ul>","protected":false},"featured_media":4844,"template":"","meta":{"_monsterinsights_skip_tracking":false,"_monsterinsights_sitenote_active":false,"_monsterinsights_sitenote_note":"","_monsterinsights_sitenote_category":0},"product_brand":[],"product_cat":[43,70],"product_tag":[],"class_list":{"0":"post-4741","1":"product","2":"type-product","3":"status-publish","4":"has-post-thumbnail","6":"product_cat-automotive-specialities","7":"product_cat-automotive-gear-oil","9":"first","10":"instock","11":"shipping-taxable","12":"product-type-simple"},"_links":{"self":[{"href":"https:\/\/velotac.it\/it\/wp-json\/wp\/v2\/product\/4741","targetHints":{"allow":["GET"]}}],"collection":[{"href":"https:\/\/velotac.it\/it\/wp-json\/wp\/v2\/product"}],"about":[{"href":"https:\/\/velotac.it\/it\/wp-json\/wp\/v2\/types\/product"}],"wp:featuredmedia":[{"embeddable":true,"href":"https:\/\/velotac.it\/it\/wp-json\/wp\/v2\/media\/4844"}],"wp:attachment":[{"href":"https:\/\/velotac.it\/it\/wp-json\/wp\/v2\/media?parent=4741"}],"wp:term":[{"taxonomy":"product_brand","embeddable":true,"href":"https:\/\/velotac.it\/it\/wp-json\/wp\/v2\/product_brand?post=4741"},{"taxonomy":"product_cat","embeddable":true,"href":"https:\/\/velotac.it\/it\/wp-json\/wp\/v2\/product_cat?post=4741"},{"taxonomy":"product_tag","embeddable":true,"href":"https:\/\/velotac.it\/it\/wp-json\/wp\/v2\/product_tag?post=4741"}],"curies":[{"name":"wp","href":"https:\/\/api.w.org\/{rel}","templated":true}]}}