{"id":4742,"date":"2025-10-22T03:52:34","date_gmt":"2025-10-22T03:52:34","guid":{"rendered":"http:\/\/velotac.it\/?post_type=product&#038;p=4742"},"modified":"2025-10-28T07:55:31","modified_gmt":"2025-10-28T07:55:31","slug":"05-velotac-atf-md","status":"publish","type":"product","link":"https:\/\/velotac.it\/it\/prodotto\/05-velotac-atf-md\/","title":{"rendered":"05. VELOTAC ATF MD"},"content":{"rendered":"","protected":false},"excerpt":{"rendered":"<p><strong>FLUIDO PER CAMBI AUTOMATICI COMPLETAMENTE SINTETICO<\/strong><\/p>\n<p>VELOTAC ATF MD \u00e8 un ATF (fluido per cambi automatici) completamente sintetico di nuova generazione per trasmissioni Voith Turbo. \u00c8 sviluppato con un olio base sintetico di alta qualit\u00e0 e una speciale selezione di additivi e inibitori per garantire eccellenti prestazioni di stabilit\u00e0 termica e ossidativa.<\/p>\n<p><strong>Caratteristiche e vantaggi<\/strong><\/p>\n<ul>\n<li>Eccezionale stabilit\u00e0 termica e al taglio per una maggiore protezione dall'usura e una maggiore durata dell'olio<\/li>\n<li>\u00a0Eccellente fluidit\u00e0 dell'olio per prestazioni a temperature estremamente basse<\/li>\n<li>\u00a0Eccellenti prestazioni anti-vibrazione per evitare vibrazioni del motore e un maggiore comfort<\/li>\n<li>\u00a0Risposta superiore della trasmissione per una sensazione di cambio marcia pi\u00f9 fluida e un ritardo di cambiata ridotto al minimo.<\/li>\n<li>\u00a0Eccellente resistenza all'ossidazione, alla corrosione e alla formazione di schiuma per migliori prestazioni di cambio marcia.<\/li>\n<\/ul>\n<p><strong>Raccomandazioni<\/strong><\/p>\n<ul>\n<li>Consigliato per intervalli di cambio olio prolungati nelle trasmissioni DIWA.6 e DIWA.5 fino a 180,000 km.<\/li>\n<li>Adatto per trasmissioni DIWA.3E e DIWA precedenti con intervalli di cambio olio prolungati di 120,000 km.<\/li>\n<\/ul>\n<p><strong>Specifiche e prestazioni<\/strong><\/p>\n<ul>\n<li>Voith H55.6336<\/li>\n<li>\u00a0MAN 339 Tipo V2<\/li>\n<li>\u00a0ZF TE-ML 04D, 14B, 16L, 17C<\/li>\n<\/ul>\n<p>&nbsp;<\/p>","protected":false},"featured_media":5142,"template":"","meta":{"_monsterinsights_skip_tracking":false,"_monsterinsights_sitenote_active":false,"_monsterinsights_sitenote_note":"","_monsterinsights_sitenote_category":0},"product_brand":[],"product_cat":[43,71],"product_tag":[],"class_list":{"0":"post-4742","1":"product","2":"type-product","3":"status-publish","4":"has-post-thumbnail","6":"product_cat-automotive-specialities","7":"product_cat-automatic-transmission-fluidatf","9":"first","10":"instock","11":"shipping-taxable","12":"product-type-simple"},"_links":{"self":[{"href":"https:\/\/velotac.it\/it\/wp-json\/wp\/v2\/product\/4742","targetHints":{"allow":["GET"]}}],"collection":[{"href":"https:\/\/velotac.it\/it\/wp-json\/wp\/v2\/product"}],"about":[{"href":"https:\/\/velotac.it\/it\/wp-json\/wp\/v2\/types\/product"}],"wp:featuredmedia":[{"embeddable":true,"href":"https:\/\/velotac.it\/it\/wp-json\/wp\/v2\/media\/5142"}],"wp:attachment":[{"href":"https:\/\/velotac.it\/it\/wp-json\/wp\/v2\/media?parent=4742"}],"wp:term":[{"taxonomy":"product_brand","embeddable":true,"href":"https:\/\/velotac.it\/it\/wp-json\/wp\/v2\/product_brand?post=4742"},{"taxonomy":"product_cat","embeddable":true,"href":"https:\/\/velotac.it\/it\/wp-json\/wp\/v2\/product_cat?post=4742"},{"taxonomy":"product_tag","embeddable":true,"href":"https:\/\/velotac.it\/it\/wp-json\/wp\/v2\/product_tag?post=4742"}],"curies":[{"name":"wp","href":"https:\/\/api.w.org\/{rel}","templated":true}]}}