{"id":4745,"date":"2025-10-22T05:57:22","date_gmt":"2025-10-22T05:57:22","guid":{"rendered":"http:\/\/velotac.it\/?post_type=product&#038;p=4745"},"modified":"2025-10-24T12:54:32","modified_gmt":"2025-10-24T12:54:32","slug":"07-velotac-atf-mx-9","status":"publish","type":"product","link":"https:\/\/velotac.it\/it\/prodotto\/07-velotac-atf-mx-9\/","title":{"rendered":"07. VELOTAC ATF MX 9"},"content":{"rendered":"","protected":false},"excerpt":{"rendered":"<p><strong>FLUIDO PREMIUM COMPLETAMENTE SINTETICO PER CAMBI AUTOMATICI A LUNGA DURATA\u00a0<\/strong><\/p>\n<p>VELOTAC ATF MX 9 \u00e8 un fluido premium completamente sintetico a lunga durata per cambi automatici, sviluppato per tutti i cambi automatici a 9 marce (9G-Tronic) dei veicoli a motore Mercedes-Benz e ZF 9HP. \u00c8 formulato con basi sintetiche premium ad alto indice di viscosit\u00e0 e additivi tecnologicamente avanzati che garantiscono un'eccellente stabilit\u00e0 all'ossidazione e caratteristiche di attrito costanti, per un significativo risparmio di carburante, eccellenti prestazioni di cambiata e intervalli di cambio olio prolungati.<\/p>\n<p><strong>Caratteristiche e vantaggi<\/strong><\/p>\n<ul>\n<li>Eccezionale stabilit\u00e0 termica e al taglio per una migliore protezione dall'usura e una maggiore durata dell'olio<\/li>\n<li>Fluidit\u00e0 superiore dell'olio per una maggiore efficienza del carburante<\/li>\n<li>Eccellenti prestazioni anti-vibrazione per evitare vibrazioni del motore e un maggiore comfort<\/li>\n<li>Eccellente resistenza all'ossidazione, alla corrosione e alla formazione di schiuma per migliori prestazioni di cambio marcia<\/li>\n<\/ul>\n<p><strong>Raccomandazioni<\/strong><\/p>\n<ul>\n<li>Conforme alla specifica MB 236.17 per il nuovissimo cambio automatico 9G-Tronic ed \u00e8 retrocompatibile con la specifica MB 236.16.<\/li>\n<li>Adatto per l'uso nei cambi automatici delle ultime serie 9HP e 8HP.<\/li>\n<\/ul>\n<p><strong>Specifiche e prestazioni<\/strong><\/p>\n<ul>\n<li>MB 236.17, 236.16<\/li>\n<li>BMW 83222289720 (ATF3+), 8322 2152426<\/li>\n<li>HONDA 08200-9017, ATF TIPO 3.1<\/li>\n<li>FIAT 9.55550-AV5<\/li>\n<li>CHRYSLER 68157995AA<\/li>\n<li>VW\/AUDI G-060-162<\/li>\n<li>LAND ROVER LR023288<\/li>\n<li>GIAGUARO 02JDE26444<\/li>\n<li>BENTLEY JNV 862 564 D<\/li>\n<li>ZF TE-ML 11 9HP50, TE-ML 11 9HP28, TE-ML 11 9HP48<\/li>\n<\/ul>\n<p>&nbsp;<\/p>","protected":false},"featured_media":4991,"template":"","meta":{"_monsterinsights_skip_tracking":false,"_monsterinsights_sitenote_active":false,"_monsterinsights_sitenote_note":"","_monsterinsights_sitenote_category":0},"product_brand":[],"product_cat":[43,71],"product_tag":[],"class_list":{"0":"post-4745","1":"product","2":"type-product","3":"status-publish","4":"has-post-thumbnail","6":"product_cat-automotive-specialities","7":"product_cat-automatic-transmission-fluidatf","9":"first","10":"instock","11":"shipping-taxable","12":"product-type-simple"},"_links":{"self":[{"href":"https:\/\/velotac.it\/it\/wp-json\/wp\/v2\/product\/4745","targetHints":{"allow":["GET"]}}],"collection":[{"href":"https:\/\/velotac.it\/it\/wp-json\/wp\/v2\/product"}],"about":[{"href":"https:\/\/velotac.it\/it\/wp-json\/wp\/v2\/types\/product"}],"wp:featuredmedia":[{"embeddable":true,"href":"https:\/\/velotac.it\/it\/wp-json\/wp\/v2\/media\/4991"}],"wp:attachment":[{"href":"https:\/\/velotac.it\/it\/wp-json\/wp\/v2\/media?parent=4745"}],"wp:term":[{"taxonomy":"product_brand","embeddable":true,"href":"https:\/\/velotac.it\/it\/wp-json\/wp\/v2\/product_brand?post=4745"},{"taxonomy":"product_cat","embeddable":true,"href":"https:\/\/velotac.it\/it\/wp-json\/wp\/v2\/product_cat?post=4745"},{"taxonomy":"product_tag","embeddable":true,"href":"https:\/\/velotac.it\/it\/wp-json\/wp\/v2\/product_tag?post=4745"}],"curies":[{"name":"wp","href":"https:\/\/api.w.org\/{rel}","templated":true}]}}