{"id":4746,"date":"2025-10-22T06:00:43","date_gmt":"2025-10-22T06:00:43","guid":{"rendered":"http:\/\/velotac.it\/?post_type=product&#038;p=4746"},"modified":"2025-10-24T12:53:08","modified_gmt":"2025-10-24T12:53:08","slug":"08-velotac-atf-mx","status":"publish","type":"product","link":"https:\/\/velotac.it\/it\/prodotto\/08-velotac-atf-mx\/","title":{"rendered":"08. VELOTAC ATF MX"},"content":{"rendered":"","protected":false},"excerpt":{"rendered":"<p><strong>FLUIDO PER CAMBI AUTOMATICI COMPLETAMENTE SINTETICO<\/strong><\/p>\n<p>VELOTAC ATF MX \u00e8 un fluido per cambio automatico multi-veicolo completamente sintetico, sviluppato per le trasmissioni moderne che richiedono prestazioni a bassa viscosit\u00e0. \u00c8 formulato con basi sintetiche di qualit\u00e0 e una tecnologia di additivi avanzata che offre un'eccellente resistenza all'attrito e alle vibrazioni per cambi di marcia fluidi e costanti. La sua operativit\u00e0 a basse temperature, la resistenza all'ossidazione ad alta temperatura e le propriet\u00e0 di degradazione termica migliorano le prestazioni e la durata della trasmissione. La sua bassa viscosit\u00e0 soddisfa le specifiche OEM pi\u00f9 esigenti e offre un migliore risparmio di carburante.<\/p>\n<p><strong>Caratteristiche e vantaggi<\/strong><\/p>\n<ul>\n<li>Eccezionale stabilit\u00e0 termica e al taglio per una maggiore protezione dall'usura e una maggiore durata dell'olio<\/li>\n<li>Eccellente fluidit\u00e0 dell'olio per una maggiore efficienza nei consumi<\/li>\n<li>Eccellenti prestazioni anti-vibrazione per evitare vibrazioni del motore e un maggiore comfort<\/li>\n<li>Risposta superiore della trasmissione per una sensazione di cambio marcia pi\u00f9 fluida e un ritardo di cambiata ridotto al minimo.<\/li>\n<li>Eccellente resistenza all'ossidazione, alla corrosione e alla formazione di schiuma per migliori prestazioni di cambio marcia.<\/li>\n<\/ul>\n<p><strong>Raccomandazioni<\/strong><\/p>\n<ul>\n<li>Consigliato per l'uso dove sono richiesti fluidi per trasmissioni DEXRON VI e MERCON LV.<\/li>\n<li>\u00a0Specifiche ATF OEM, tra cui Mercedes, BMW, VW\/Audi, GM, Ford, Chrysler, Jeep, Honda\/Acura, Toyota, Nissan, Mitsubishi e Kia\/Hyundai<\/li>\n<\/ul>\n<p><strong>Specifiche e prestazioni<\/strong><\/p>\n<ul>\n<li>GM: DEXRON VI<\/li>\n<li>Ford: MERCON LV, SP<\/li>\n<li>Aisin Warner AW-1<\/li>\n<li>ZF M-1375.4, M-1375.5, M-1375.6, ZF TE-ML 11<\/li>\n<li>ZF Lifeguard Fluid 6, 6 plus, 8<\/li>\n<li>JASO M315 1A-LV<\/li>\n<li>\u00a0Audi\/VW G 060 162, G 055 540, G 055 005, G 055 162, G 053 001, G 052 533<\/li>\n<li>Maserati P\/N 231603<\/li>\n<li>Mercedes \/ Daimler MB 236.12, MB 236.14, MB 236.15, MB 236.41 - Jaguar 02JDE 26444, Fluid 8432<\/li>\n<li>Porsche P\/N 000 043 304 00 - Bentley P\/N PY112995PA - Land rover P\/N LR023288, P\/N TYK500050, LR0022460, LR023289<\/li>\n<li>BMW\/MINI ATF M1375.4, ATF L 12108, ATF 7, ATF 3+<\/li>\n<li>Toyota\/Lexus\/Scion ATF T-WS, JWS3324<\/li>\n<li>Honda\/Acura DW-1<\/li>\n<li>Hyundai\/Kia SP-IV\/ SPH-IV<\/li>\n<li>Nissan\/Infiniti Matic-S<\/li>\n<li>Mazda ATF FZ<\/li>\n<li>Mitsubishi DIA QUEEN ATF-PA, fluido ATF J3<\/li>\n<li>Renault Matic J6<\/li>\n<li>ATF Shell 3353\/ 134\/ L12108<\/li>\n<li>Volvo 31256774, 31256775, 31256776 - Chrysler\/Dodge\/Jeep P\/N 05127382AA, P\/N 68043742AA<\/li>\n<li>Ford\/Lincoln \/Mercury P\/N XT-10-QLV&#8230;<br \/>","protected":false},"featured_media":4990,"template":"","meta":{"_monsterinsights_skip_tracking":false,"_monsterinsights_sitenote_active":false,"_monsterinsights_sitenote_note":"","_monsterinsights_sitenote_category":0},"product_brand":[],"product_cat":[43,71],"product_tag":[],"class_list":{"0":"post-4746","1":"product","2":"type-product","3":"status-publish","4":"has-post-thumbnail","6":"product_cat-automotive-specialities","7":"product_cat-automatic-transmission-fluidatf","9":"first","10":"instock","11":"shipping-taxable","12":"product-type-simple"},"_links":{"self":[{"href":"https:\/\/velotac.it\/it\/wp-json\/wp\/v2\/product\/4746","targetHints":{"allow":["GET"]}}],"collection":[{"href":"https:\/\/velotac.it\/it\/wp-json\/wp\/v2\/product"}],"about":[{"href":"https:\/\/velotac.it\/it\/wp-json\/wp\/v2\/types\/product"}],"wp:featuredmedia":[{"embeddable":true,"href":"https:\/\/velotac.it\/it\/wp-json\/wp\/v2\/media\/4990"}],"wp:attachment":[{"href":"https:\/\/velotac.it\/it\/wp-json\/wp\/v2\/media?parent=4746"}],"wp:term":[{"taxonomy":"product_brand","embeddable":true,"href":"https:\/\/velotac.it\/it\/wp-json\/wp\/v2\/product_brand?post=4746"},{"taxonomy":"product_cat","embeddable":true,"href":"https:\/\/velotac.it\/it\/wp-json\/wp\/v2\/product_cat?post=4746"},{"taxonomy":"product_tag","embeddable":true,"href":"https:\/\/velotac.it\/it\/wp-json\/wp\/v2\/product_tag?post=4746"}],"curies":[{"name":"wp","href":"https:\/\/api.w.org\/{rel}","templated":true}]}}