{"id":4747,"date":"2025-10-22T06:04:32","date_gmt":"2025-10-22T06:04:32","guid":{"rendered":"http:\/\/velotac.it\/?post_type=product&#038;p=4747"},"modified":"2025-10-24T12:51:54","modified_gmt":"2025-10-24T12:51:54","slug":"09-velotac-atf-mz","status":"publish","type":"product","link":"https:\/\/velotac.it\/it\/prodotto\/09-velotac-atf-mz\/","title":{"rendered":"09. VELOTAC ATF MZ"},"content":{"rendered":"","protected":false},"excerpt":{"rendered":"<p><strong>FLUIDO PER CAMBI AUTOMATICI COMPLETAMENTE SINTETICO<\/strong><\/p>\n<p>VELOTAC ATF MZ \u00e8 un fluido ATF (Automatic-Transmission-Fluid) completamente sintetico di nuova generazione, progettato per le trasmissioni ZF-Ecomat e ZF-Ecolife. \u00c8 sviluppato con olio base sintetico di alta qualit\u00e0 e una speciale selezione di additivi e inibitori per garantire un'eccellente stabilit\u00e0 termica e ossidativa e un elevato fattore di adesione, consentendo intervalli di cambio olio prolungati anche nelle condizioni pi\u00f9 severe.<\/p>\n<p><strong>Caratteristiche e vantaggi<\/strong><\/p>\n<ul>\n<li>Eccezionale stabilit\u00e0 termica e al taglio per una maggiore protezione dall'usura e una maggiore durata dell'olio<\/li>\n<li>Eccellente fluidit\u00e0 dell'olio per una maggiore efficienza nei consumi<\/li>\n<li>Eccellenti prestazioni anti-vibrazione per evitare vibrazioni del motore e un maggiore comfort<\/li>\n<li>Risposta superiore della trasmissione per una sensazione di cambio marcia pi\u00f9 fluida e un ritardo di cambiata ridotto al minimo.<\/li>\n<li>Eccellente resistenza all'ossidazione, alla corrosione e alla formazione di schiuma per migliori prestazioni di cambio marcia.<\/li>\n<\/ul>\n<p><strong>Raccomandazioni<\/strong><\/p>\n<ul>\n<li>Supporta intervalli di cambio olio e filtro per trasmissioni Ecomat su autobus fino a 150,000 km, o fino a un massimo di 3 anni.<\/li>\n<li>Consigliato per applicazioni con temperature della coppa dell'olio da 80 \u00b0C a 110 \u00b0C secondo le specifiche ZF.<\/li>\n<\/ul>\n<p><strong>Specifiche e prestazioni<\/strong><\/p>\n<ul>\n<li>ZF TE-ML 04D, 14E, 16N, 16Q, 20F<\/li>\n<li>MAN 339 Tipo Z4<\/li>\n<\/ul>","protected":false},"featured_media":4989,"template":"","meta":{"_monsterinsights_skip_tracking":false,"_monsterinsights_sitenote_active":false,"_monsterinsights_sitenote_note":"","_monsterinsights_sitenote_category":0},"product_brand":[],"product_cat":[43,71],"product_tag":[],"class_list":{"0":"post-4747","1":"product","2":"type-product","3":"status-publish","4":"has-post-thumbnail","6":"product_cat-automotive-specialities","7":"product_cat-automatic-transmission-fluidatf","9":"first","10":"instock","11":"shipping-taxable","12":"product-type-simple"},"_links":{"self":[{"href":"https:\/\/velotac.it\/it\/wp-json\/wp\/v2\/product\/4747","targetHints":{"allow":["GET"]}}],"collection":[{"href":"https:\/\/velotac.it\/it\/wp-json\/wp\/v2\/product"}],"about":[{"href":"https:\/\/velotac.it\/it\/wp-json\/wp\/v2\/types\/product"}],"wp:featuredmedia":[{"embeddable":true,"href":"https:\/\/velotac.it\/it\/wp-json\/wp\/v2\/media\/4989"}],"wp:attachment":[{"href":"https:\/\/velotac.it\/it\/wp-json\/wp\/v2\/media?parent=4747"}],"wp:term":[{"taxonomy":"product_brand","embeddable":true,"href":"https:\/\/velotac.it\/it\/wp-json\/wp\/v2\/product_brand?post=4747"},{"taxonomy":"product_cat","embeddable":true,"href":"https:\/\/velotac.it\/it\/wp-json\/wp\/v2\/product_cat?post=4747"},{"taxonomy":"product_tag","embeddable":true,"href":"https:\/\/velotac.it\/it\/wp-json\/wp\/v2\/product_tag?post=4747"}],"curies":[{"name":"wp","href":"https:\/\/api.w.org\/{rel}","templated":true}]}}